{"id":3488,"date":"2025-10-05T05:48:29","date_gmt":"2025-10-05T05:48:29","guid":{"rendered":"https:\/\/dollexa.com\/product\/matilda-premium-doll-usa-stock\/"},"modified":"2025-10-05T05:48:43","modified_gmt":"2025-10-05T05:48:43","slug":"matilda-premium-doll-usa-stock","status":"publish","type":"product","link":"https:\/\/dollexa.com\/it\/prodotto\/matilda-premium-doll-usa-stock\/","title":{"rendered":"Bambola Matilda Premium [STOCK USA]"},"content":{"rendered":"<div>\n<p>Matilda scivola nella vostra immaginazione con una pelle abbronzata e riscaldata dal sole e una struttura snella di 174 cm che implora di essere esplorata, il suo petto a coppa G che si alza e si abbassa sotto i vostri polpastrelli, mentre i capelli nero corvino cadono in onde lucide intorno alla testa perfettamente scolpita di WM Doll\u00ae.<\/p>\n<p>Chiudete gli occhi e immaginate la morbida pelle in TPE di Matilda che si scalda al vostro tocco, il suo corpo europeo in forma - sottile ma generoso dove serve - posizionato e pronto. Ha preso vita in un servizio fotografico indossando solo tentazioni a rete, lunghe gambe che implorano di essere avvolte intorno a voi e una silhouette intima che fa sentire privata ogni luce. Le bambole in stock USA vengono spedite in pochi giorni e arrivano cos\u00ec come sono, senza personalizzazioni, pronte per notti di indulgenza o per una compagnia tranquilla e realistica.<\/p>\n<p>Non \u00e8 solo bella, \u00e8 una storia. Matilda \u00e8 l'amante sensuale e sicura di s\u00e9 che ha imparato a mantenere i segreti e a dare piacere con un portamento preciso ed esperto. Un tempo musa notturna di un artista, ora aspetta di diventare la vostra fantasia privata, offrendovi stabilit\u00e0, realismo e peso nella fascia 30-35 kg e l'inconfondibile qualit\u00e0 dell'artigianato WM Doll\u00ae.<\/p>\n<ul>\n<li>\n<b>Tocco realistico in TPE<\/b> che risponde al calore e alla pressione, offrendo sensazioni realistiche e una facile manutenzione per giochi ripetuti.<\/li>\n<li>\n<b>Presenza alta 174 cm<\/b> crea un abbraccio coinvolgente, a misura di adulto, cos\u00ec convincente da farvi dimenticare che non \u00e8 viva mentre la tenete stretta.<\/li>\n<li>\n<b>Curve generose in coppa G<\/b> scolpito per riempire le vostre mani e le vostre fantasie, offrendo un volume accattivante con una silhouette naturale.<\/li>\n<li>\n<b>Struttura Premium WM Doll<\/b> con uno scheletro articolato e resistente e gambe erette, che offre posizioni flessibili e prestazioni durature.<\/li>\n<li>\n<b>Spedizione rapida negli Stati Uniti<\/b> da scorte in magazzino significa che Matilda viene spedita in 3-7 giorni, arrivando cos\u00ec come appare, in modo che possiate iniziare a esplorarla immediatamente.<\/li>\n<\/ul>\n<p>\"Avvicinati\", dice Matilda facendo le fusa, \"lascia che ti mostri quanto posso essere paziente\". Immaginate che vi sussurri questo mentre infilate le dita tra le morbide onde dei suoi capelli, sentite il cedimento silenzioso dei suoi fianchi mentre si sposta contro di voi.<\/p>\n<p>\u00c8 una scelta di prim'ordine tra <a href=\"https:\/\/www.joylovedolls.com\/collections\/premium-sex-dolls\">bambole sessuali premium<\/a>Completamente assemblata con testa e corpo classico a coppa G, ci\u00f2 che si vede \u00e8 ci\u00f2 che si ottiene: una dea dalla pelle abbronzata, con la testa modellata in modo realistico e le curve generose e seducenti che rendono cinematografica ogni posa.<\/p>\n<p><b>Richiedete subito Matilda e portate a casa la vostra fantasia privata.<\/b><\/p>\n<p class=\"p1\"><strong>RISPARMIA E ORDINA UNA BAMBOLA PRE-PERSONALIZZATA CON - UNO SCONTO 40% E UNA SPEDIZIONE VELOCE!<\/strong><\/p>\n<p class=\"p1\">Questa bambola \u00e8 pre-costruita con opzioni personalizzate Premium. Spedita in 3-7 giorni dal magazzino degli Stati Uniti:<\/p>\n<ul>\n<li>\n<b data-mce-fragment=\"1\">WM Dolls\u2122 testa #370 &amp; 174cm corpo classico coppa G<\/b>. <span class=\"s1\"><a href=\"https:\/\/www.joylovedolls.com\/collections\/custom-dolls\">Clicca qui per vedere le misure e le foto per tutti i tipi di corpo.<\/a><\/span>\n<\/li>\n<\/ul>\n<ul>\n<li><span class=\"s1\">EVO SKELETON (<span style=\"color: #ff2a00;\">LIBERO<\/span>)<\/span><\/li>\n<\/ul>\n<ul>\n<li><span class=\"s1\">PIEDI IN PIEDI (<span style=\"color: #ff2a00;\">LIBERO<\/span>)<\/span><\/li>\n<\/ul>\n<ul>\n<li><span class=\"s1\">SENO MORBIDO NATURALE (<meta charset=\"utf-8\"> <span data-mce-fragment=\"1\" style=\"color: #ff2a00;\" data-mce-style=\"color: #ff2a00;\">LIBERO<\/span>)<\/span><\/li>\n<\/ul>\n<p class=\"p1\"><span><span class=\"s2\"><b>Se desiderate personalizzare i vostri ordini, scegliete le altre opzioni personalizzate qui sotto.<\/b><\/span><\/span><\/p>\n<p><\/p>\n<\/p>\n<p><meta charset=\"utf-8\"><\/p>\n<div class=\"p3\"><\/div>\n<p><meta charset=\"utf-8\"><br \/>\n<meta charset=\"utf-8\"><\/p>\n<div>\n<meta charset=\"utf-8\"><\/p>\n<div>\n<p class=\"p1\">\n<\/div>\n<p><meta charset=\"utf-8\"><\/p>\n<div class=\"p3\"><\/div>\n<\/div>\n<\/div>","protected":false},"excerpt":{"rendered":"<p>Matilda glides into your imagination with sun-warmed tan skin and a lithe 174cm frame that begs to be explored, her<\/p>","protected":false},"featured_media":3487,"comment_status":"open","ping_status":"closed","template":"","meta":{"_acf_changed":false},"product_brand":[],"product_cat":[117],"product_tag":[],"class_list":{"0":"post-3488","1":"product","2":"type-product","3":"status-publish","4":"has-post-thumbnail","6":"product_cat-wm-dolls","8":"first","9":"instock","10":"shipping-taxable","11":"purchasable","12":"product-type-simple"},"acf":[],"_links":{"self":[{"href":"https:\/\/dollexa.com\/it\/wp-json\/wp\/v2\/product\/3488","targetHints":{"allow":["GET"]}}],"collection":[{"href":"https:\/\/dollexa.com\/it\/wp-json\/wp\/v2\/product"}],"about":[{"href":"https:\/\/dollexa.com\/it\/wp-json\/wp\/v2\/types\/product"}],"replies":[{"embeddable":true,"href":"https:\/\/dollexa.com\/it\/wp-json\/wp\/v2\/comments?post=3488"}],"version-history":[{"count":0,"href":"https:\/\/dollexa.com\/it\/wp-json\/wp\/v2\/product\/3488\/revisions"}],"wp:featuredmedia":[{"embeddable":true,"href":"https:\/\/dollexa.com\/it\/wp-json\/wp\/v2\/media\/3487"}],"wp:attachment":[{"href":"https:\/\/dollexa.com\/it\/wp-json\/wp\/v2\/media?parent=3488"}],"wp:term":[{"taxonomy":"product_brand","embeddable":true,"href":"https:\/\/dollexa.com\/it\/wp-json\/wp\/v2\/product_brand?post=3488"},{"taxonomy":"product_cat","embeddable":true,"href":"https:\/\/dollexa.com\/it\/wp-json\/wp\/v2\/product_cat?post=3488"},{"taxonomy":"product_tag","embeddable":true,"href":"https:\/\/dollexa.com\/it\/wp-json\/wp\/v2\/product_tag?post=3488"}],"curies":[{"name":"wp","href":"https:\/\/api.w.org\/{rel}","templated":true}]}}