{"id":3679,"date":"2025-10-05T05:54:37","date_gmt":"2025-10-05T05:54:37","guid":{"rendered":"https:\/\/dollexa.com\/product\/petra-female-sex-doll-usa-stock\/"},"modified":"2025-10-05T05:54:48","modified_gmt":"2025-10-05T05:54:48","slug":"petra-female-sex-doll-usa-stock","status":"publish","type":"product","link":"https:\/\/dollexa.com\/fr\/produit\/petra-female-sex-doll-usa-stock\/","title":{"rendered":"Poup\u00e9e sexuelle Petra [USA STOCK]"},"content":{"rendered":"<div>\n<p>Petra se glisse dans votre imagination comme une soie chaude, une silhouette ensoleill\u00e9e de 172 cm \u00e0 la pr\u00e9sence enivrante, une peau bronz\u00e9e qui brille sous une lumi\u00e8re douce, de longs cheveux bruns qui tombent sur des \u00e9paules sculpt\u00e9es et des yeux verts hypnotiques qui vous poussent \u00e0 vous approcher, tandis que ses courbes g\u00e9n\u00e9reuses de bonnet D et sa t\u00eate WM Doll\u00ae #159 promettent un toucher qui semble incroyablement r\u00e9el.<\/p>\n<p>Elle est n\u00e9e dans un studio o\u00f9 l'art rencontre le d\u00e9sir, un corps classique en forme pour s\u00e9duire et retenir, et Petra se porte comme un secret qui attend d'\u00eatre d\u00e9couvert. Tranquillement confiante et m\u00e9chamment joueuse, elle pr\u00e9f\u00e8re les escapades au clair de lune et les mains lentes et attentives qui explorent chaque contour de sa peau TPE r\u00e9aliste. Les poup\u00e9es en stock aux \u00c9tats-Unis sont exp\u00e9di\u00e9es en quelques jours et arrivent telles qu'elles sont, pr\u00eates pour les fantasmes que vous concevrez ensemble.<\/p>\n<ul>\n<li>\n<b>Hauteur parfaitement r\u00e9aliste<\/b> - Avec ses 172 cm, elle offre une \u00e9treinte naturelle, grandeur nature, qui remplit vos bras et vos fantasmes avec un r\u00e9alisme satisfaisant.<\/li>\n<li>\n<b>Courbes somptueuses du bonnet D<\/b> - Ces seins pleins, rehauss\u00e9s de gel, sont con\u00e7us pour un aspect et une sensation d\u00e9cadents, vous offrant \u00e0 la fois une tentation visuelle et un poids satisfaisant pendant les moments intimes.<\/li>\n<li>\n<b>TPE bronz\u00e9, tactile<\/b> - La peau TPE de premi\u00e8re qualit\u00e9, avec une peinture r\u00e9aliste du corps et des veines subtiles, invite vos doigts \u00e0 vagabonder, offrant une chaleur et une authenticit\u00e9 palpables.<\/li>\n<li>\n<b>Squelette articul\u00e9 et r\u00e9aliste<\/b> - Un squelette WM Doll\u00ae am\u00e9lior\u00e9 et des mains articul\u00e9es vous permettent de la faire poser pour n'importe quel sc\u00e9nario, des caresses douces aux positions audacieuses, avec un r\u00e9alisme sans effort.<\/li>\n<li>\n<b>Exp\u00e9dition rapide aux \u00c9tats-Unis<\/b> - En stock et pr\u00e9construit pour une livraison rapide, il est exp\u00e9di\u00e9 sous 3 \u00e0 7 jours depuis les \u00c9tats-Unis afin que vous puissiez commencer vos aventures intimes sans attendre.<\/li>\n<\/ul>\n<p>Regardez dans ses yeux verts et imaginez les sc\u00e8nes priv\u00e9es que vous cr\u00e9erez ensemble ; Petra est plus qu'une poup\u00e9e, elle est une invitation \u00e0 explorer vos fantasmes les plus d\u00e9cadents. Alors qu'elle vous taquine avec un murmure sulfureux, \"Approche-toi, je veux d\u00e9couvrir chaque centim\u00e8tre de toi\", vous pouvez presque sentir son souffle contre votre peau.<\/p>\n<p>D\u00e9couvrez notre s\u00e9lection de <a href=\"https:\/\/www.joylovedolls.com\/collections\/premium-sex-dolls\">poup\u00e9es sexuelles premium<\/a> et faites de Petra la star de vos histoires priv\u00e9es d\u00e8s aujourd'hui.<\/p>\n<p><b>R\u00e9clamez Petra maintenant et faites-la v\u00f4tre avant qu'elle ne disparaisse.<\/b><\/p>\n<p class=\"p1\"><strong>\u00c9CONOMISEZ DE L'ARGENT ET COMMANDEZ UNE POUP\u00c9E PR\u00c9-PERSONNALIS\u00c9E AVEC UNE R\u00c9DUCTION -40% ET UNE LIVRAISON RAPIDE !<\/strong><\/p>\n<p class=\"p1\">Cette poup\u00e9e est pr\u00e9construite avec des options personnalis\u00e9es. Elle est exp\u00e9di\u00e9e sous 3 \u00e0 7 jours depuis l'entrep\u00f4t des Etats-Unis :<\/p>\n<ul>\n<li>\n<meta charset=\"utf-8\"> <b data-mce-fragment=\"1\">WM Dolls\u2122 172cm D-cup Classic Body + #159 head<\/b>. <span class=\"s1\"><a href=\"https:\/\/www.joylovedolls.com\/collections\/custom-dolls\">Cliquez ici pour voir les mesures et les photos pour tous les types de corps.<\/a><\/span>\n<\/li>\n<\/ul>\n<ul>\n<li><span class=\"s1\">EVO SKELETON (<span style=\"color: #ff2a00;\">GRATUIT<\/span>)<\/span><\/li>\n<\/ul>\n<ul>\n<li><span class=\"s1\">LES PIEDS DEBOUT (<span style=\"color: #ff2a00;\">GRATUIT<\/span>)<\/span><\/li>\n<\/ul>\n<ul>\n<li><span class=\"s1\">SEIN DOUX NATUREL (<meta charset=\"utf-8\"> <span style=\"color: #ff2a00;\" data-mce-fragment=\"1\" data-mce-style=\"color: #ff2a00;\">GRATUIT<\/span>)<\/span><\/li>\n<\/ul>\n<p class=\"p1\"><span><span class=\"s2\"><b>Veuillez choisir les autres options personnalis\u00e9es ci-dessous, si vous souhaitez personnaliser vos commandes.<\/b><\/span><\/span><\/p>\n<p class=\"p1\"><span><span class=\"s2\"><b> <\/b><\/span><\/span><\/p>\n<p><\/p>\n<\/p>\n<\/div>","protected":false},"excerpt":{"rendered":"<p>Petra slides into your imagination like warm silk, a sun-kissed silhouette at 172 cm of intoxicating presence, tan skin that<\/p>","protected":false},"featured_media":3678,"comment_status":"open","ping_status":"closed","template":"","meta":{"_acf_changed":false},"product_brand":[],"product_cat":[117],"product_tag":[],"class_list":{"0":"post-3679","1":"product","2":"type-product","3":"status-publish","4":"has-post-thumbnail","6":"product_cat-wm-dolls","8":"first","9":"instock","10":"shipping-taxable","11":"purchasable","12":"product-type-simple"},"acf":[],"_links":{"self":[{"href":"https:\/\/dollexa.com\/fr\/wp-json\/wp\/v2\/product\/3679","targetHints":{"allow":["GET"]}}],"collection":[{"href":"https:\/\/dollexa.com\/fr\/wp-json\/wp\/v2\/product"}],"about":[{"href":"https:\/\/dollexa.com\/fr\/wp-json\/wp\/v2\/types\/product"}],"replies":[{"embeddable":true,"href":"https:\/\/dollexa.com\/fr\/wp-json\/wp\/v2\/comments?post=3679"}],"version-history":[{"count":0,"href":"https:\/\/dollexa.com\/fr\/wp-json\/wp\/v2\/product\/3679\/revisions"}],"wp:featuredmedia":[{"embeddable":true,"href":"https:\/\/dollexa.com\/fr\/wp-json\/wp\/v2\/media\/3678"}],"wp:attachment":[{"href":"https:\/\/dollexa.com\/fr\/wp-json\/wp\/v2\/media?parent=3679"}],"wp:term":[{"taxonomy":"product_brand","embeddable":true,"href":"https:\/\/dollexa.com\/fr\/wp-json\/wp\/v2\/product_brand?post=3679"},{"taxonomy":"product_cat","embeddable":true,"href":"https:\/\/dollexa.com\/fr\/wp-json\/wp\/v2\/product_cat?post=3679"},{"taxonomy":"product_tag","embeddable":true,"href":"https:\/\/dollexa.com\/fr\/wp-json\/wp\/v2\/product_tag?post=3679"}],"curies":[{"name":"wp","href":"https:\/\/api.w.org\/{rel}","templated":true}]}}