{"id":2395,"date":"2025-09-29T07:24:21","date_gmt":"2025-09-29T07:24:21","guid":{"rendered":"https:\/\/dollexa.com\/?post_type=product&#038;p=2395"},"modified":"2025-09-29T07:52:34","modified_gmt":"2025-09-29T07:52:34","slug":"170e-t23-mae","status":"publish","type":"product","link":"https:\/\/dollexa.com\/fr\/produit\/170e-t23-mae\/","title":{"rendered":"170E-T23-Mae"},"content":{"rendered":"<p><img fetchpriority=\"high\" decoding=\"async\" width=\"1667\" height=\"2500\" src=\"http:\/\/www.topfiredoll.com\/wp-content\/uploads\/2025\/06\/17-37.jpg\" alt=\"\" \/><br \/>\n\t\t\t\t\t\t\t\t<img decoding=\"async\" width=\"1667\" height=\"2500\" data-src=\"http:\/\/www.topfiredoll.com\/wp-content\/uploads\/2025\/06\/18-36.jpg\" alt=\"\" src=\"data:image\/svg+xml;base64,PHN2ZyB3aWR0aD0iMSIgaGVpZ2h0PSIxIiB4bWxucz0iaHR0cDovL3d3dy53My5vcmcvMjAwMC9zdmciPjwvc3ZnPg==\" class=\"lazyload\" style=\"--smush-placeholder-width: 1667px; --smush-placeholder-aspect-ratio: 1667\/2500;\" \/>\t\t\t\t\t<\/p>\n<h2>Mesures de la poup\u00e9e<\/h2>\n<table>\n<tbody>\n<td colspan=\"1\" rowspan=\"1\">\n<p>Taille\uff1a170-2cm | 5ft7<\/p>\n<\/td>\n<td colspan=\"1\" rowspan=\"1\">\n<p>Mat\u00e9riau : Silicone<\/p>\n<\/td>\n<\/tr>\n<tr>\n<td colspan=\"1\" rowspan=\"1\">\n<p>Taille de la tasse\uff1aE tasse<\/p>\n<\/td>\n<td colspan=\"1\" rowspan=\"1\">\n<p>Couleur de la peau\uff1aDark tan<\/p>\n<\/td>\n<\/tr>\n<tr>\n<td colspan=\"1\" rowspan=\"1\">\n<p>Buste\uff1a87cm | 34.3\"<\/p>\n<\/td>\n<td colspan=\"1\" rowspan=\"1\">\n<p>Taille\uff1a63cm | 24.8\u2033 (en anglais)<\/p>\n<\/td>\n<\/tr>\n<tr>\n<td colspan=\"1\" rowspan=\"1\">\n<p>Sous le buste\uff1a69cm | 27.2\u2033.<\/p>\n<\/td>\n<td colspan=\"1\" rowspan=\"1\">\n<p>Hanches\uff1a 94cm | 37\u2033.<\/p>\n<\/td>\n<\/tr>\n<tr>\n<td colspan=\"1\" rowspan=\"1\">\n<p>Profondeur de la bouche\uff1a18cm | 7.1\u2033.<\/p>\n<\/td>\n<td colspan=\"1\" rowspan=\"1\">\n<p>Poids net\uff1a30kg | 66.1 lbs<\/p>\n<\/td>\n<\/tr>\n<tr>\n\t\t\t\t\t\t\t\t\t\t\t\t\t\t\t\t\t\t\t\t\t\t\t\t\t\t\t\t\t\t\t\t\t\t\t\t\t\t\t<\/tr>\n<tr>\n<td colspan=\"1\" rowspan=\"1\">\n<p>Profondeur vaginale\uff1a18cm | 7.1\u2033.<\/p>\n<\/td>\n<td colspan=\"1\" rowspan=\"1\">\n<p>Poids \u00e0 l'exp\u00e9dition\uff1a43.5kg | 95.9lbs<\/p>\n<\/td>\n<\/tr>\n<tr>\n<td colspan=\"1\" rowspan=\"1\">\n<p>Profondeur de l'anus\uff1a15cm | 5.9\u2033.<\/p>\n<\/td>\n<td colspan=\"1\" rowspan=\"1\">\n<p>Taille de l'emballage\uff1a156*42*31cm<\/p>\n<\/td>\n<\/tr>\n<\/tbody>\n<\/table>\n<p>\u00a0*Veuillez tenir compte d'une l\u00e9g\u00e8re diff\u00e9rence de 1 \u00e0 3 cm due aux mesures manuelles. Veuillez vous r\u00e9f\u00e9rer au produit r\u00e9el pour conna\u00eetre la couleur sp\u00e9cifique de la peau.<\/p>\n<h2>Galerie de poup\u00e9es<\/h2>\n<p>\t\t\t\t\t\t\t\t\t\t\t\t\t<a href=\"http:\/\/www.topfiredoll.com\/wp-content\/uploads\/2025\/06\/02-39.jpg\" data-width=\"1667\" data-height=\"2500\" data-index=\"1\" data-elementor-open-lightbox=\"no\"><br \/>\n\t\t\t\t\t\t<img decoding=\"async\" width=\"1667\" height=\"2500\" data-src=\"http:\/\/www.topfiredoll.com\/wp-content\/uploads\/2025\/06\/02-39.jpg\" alt=\"02\" src=\"data:image\/svg+xml;base64,PHN2ZyB3aWR0aD0iMSIgaGVpZ2h0PSIxIiB4bWxucz0iaHR0cDovL3d3dy53My5vcmcvMjAwMC9zdmciPjwvc3ZnPg==\" class=\"lazyload\" style=\"--smush-placeholder-width: 1667px; --smush-placeholder-aspect-ratio: 1667\/2500;\" \/><br \/>\n\t\t\t\t\t\t\t\t\t\t\t\t\t<\/a><br \/>\n\t\t\t\t\t\t\t\t\t\t\t\t\t<a href=\"http:\/\/www.topfiredoll.com\/wp-content\/uploads\/2025\/06\/19-34.jpg\" data-width=\"1667\" data-height=\"2500\" data-index=\"2\" data-elementor-open-lightbox=\"no\"><br \/>\n\t\t\t\t\t\t<img decoding=\"async\" width=\"1667\" height=\"2500\" data-src=\"http:\/\/www.topfiredoll.com\/wp-content\/uploads\/2025\/06\/19-34.jpg\" alt=\"19\" src=\"data:image\/svg+xml;base64,PHN2ZyB3aWR0aD0iMSIgaGVpZ2h0PSIxIiB4bWxucz0iaHR0cDovL3d3dy53My5vcmcvMjAwMC9zdmciPjwvc3ZnPg==\" class=\"lazyload\" style=\"--smush-placeholder-width: 1667px; --smush-placeholder-aspect-ratio: 1667\/2500;\" \/><br \/>\n\t\t\t\t\t\t\t\t\t\t\t\t\t<\/a><br \/>\n\t\t\t\t\t\t\t\t\t\t\t\t\t<a href=\"http:\/\/www.topfiredoll.com\/wp-content\/uploads\/2025\/06\/20-33.jpg\" data-width=\"2500\" data-height=\"1667\" data-index=\"3\" data-elementor-open-lightbox=\"no\"><br \/>\n\t\t\t\t\t\t<img decoding=\"async\" width=\"2500\" height=\"1667\" data-src=\"http:\/\/www.topfiredoll.com\/wp-content\/uploads\/2025\/06\/20-33.jpg\" alt=\"20\" src=\"data:image\/svg+xml;base64,PHN2ZyB3aWR0aD0iMSIgaGVpZ2h0PSIxIiB4bWxucz0iaHR0cDovL3d3dy53My5vcmcvMjAwMC9zdmciPjwvc3ZnPg==\" class=\"lazyload\" style=\"--smush-placeholder-width: 2500px; --smush-placeholder-aspect-ratio: 2500\/1667;\" \/><br \/>\n\t\t\t\t\t\t\t\t\t\t\t\t\t<\/a><br \/>\n\t\t\t\t\t\t\t\t\t\t\t\t\t<a href=\"http:\/\/www.topfiredoll.com\/wp-content\/uploads\/2025\/06\/03-39.jpg\" data-width=\"1667\" data-height=\"2500\" data-index=\"4\" data-elementor-open-lightbox=\"no\"><br \/>\n\t\t\t\t\t\t<img decoding=\"async\" width=\"1667\" height=\"2500\" data-src=\"http:\/\/www.topfiredoll.com\/wp-content\/uploads\/2025\/06\/03-39.jpg\" alt=\"03\" src=\"data:image\/svg+xml;base64,PHN2ZyB3aWR0aD0iMSIgaGVpZ2h0PSIxIiB4bWxucz0iaHR0cDovL3d3dy53My5vcmcvMjAwMC9zdmciPjwvc3ZnPg==\" class=\"lazyload\" style=\"--smush-placeholder-width: 1667px; --smush-placeholder-aspect-ratio: 1667\/2500;\" \/><br \/>\n\t\t\t\t\t\t\t\t\t\t\t\t\t<\/a><br \/>\n\t\t\t\t\t\t\t\t\t\t\t\t\t<a href=\"http:\/\/www.topfiredoll.com\/wp-content\/uploads\/2025\/06\/01-39.jpg\" data-width=\"1628\" data-height=\"2500\" data-index=\"5\" data-elementor-open-lightbox=\"no\"><br \/>\n\t\t\t\t\t\t<img decoding=\"async\" width=\"1628\" height=\"2500\" data-src=\"http:\/\/www.topfiredoll.com\/wp-content\/uploads\/2025\/06\/01-39.jpg\" alt=\"01\" src=\"data:image\/svg+xml;base64,PHN2ZyB3aWR0aD0iMSIgaGVpZ2h0PSIxIiB4bWxucz0iaHR0cDovL3d3dy53My5vcmcvMjAwMC9zdmciPjwvc3ZnPg==\" class=\"lazyload\" style=\"--smush-placeholder-width: 1628px; --smush-placeholder-aspect-ratio: 1628\/2500;\" \/><br \/>\n\t\t\t\t\t\t\t\t\t\t\t\t\t<\/a><br \/>\n\t\t\t\t\t\t\t\t\t\t\t\t\t<a href=\"http:\/\/www.topfiredoll.com\/wp-content\/uploads\/2025\/06\/07-39.jpg\" data-width=\"1667\" data-height=\"2500\" data-index=\"6\" data-elementor-open-lightbox=\"no\"><br \/>\n\t\t\t\t\t\t<img decoding=\"async\" width=\"1667\" height=\"2500\" data-src=\"http:\/\/www.topfiredoll.com\/wp-content\/uploads\/2025\/06\/07-39.jpg\" alt=\"07\" src=\"data:image\/svg+xml;base64,PHN2ZyB3aWR0aD0iMSIgaGVpZ2h0PSIxIiB4bWxucz0iaHR0cDovL3d3dy53My5vcmcvMjAwMC9zdmciPjwvc3ZnPg==\" class=\"lazyload\" style=\"--smush-placeholder-width: 1667px; --smush-placeholder-aspect-ratio: 1667\/2500;\" \/><br \/>\n\t\t\t\t\t\t\t\t\t\t\t\t\t<\/a><br \/>\n\t\t\t\t\t\t\t\t\t\t\t\t\t<a href=\"http:\/\/www.topfiredoll.com\/wp-content\/uploads\/2025\/06\/21-31.jpg\" data-width=\"2500\" data-height=\"1667\" data-index=\"7\" data-elementor-open-lightbox=\"no\"><br \/>\n\t\t\t\t\t\t<img decoding=\"async\" width=\"2500\" height=\"1667\" data-src=\"http:\/\/www.topfiredoll.com\/wp-content\/uploads\/2025\/06\/21-31.jpg\" alt=\"21\" src=\"data:image\/svg+xml;base64,PHN2ZyB3aWR0aD0iMSIgaGVpZ2h0PSIxIiB4bWxucz0iaHR0cDovL3d3dy53My5vcmcvMjAwMC9zdmciPjwvc3ZnPg==\" class=\"lazyload\" style=\"--smush-placeholder-width: 2500px; --smush-placeholder-aspect-ratio: 2500\/1667;\" \/><br \/>\n\t\t\t\t\t\t\t\t\t\t\t\t\t<\/a><br \/>\n\t\t\t\t\t\t\t\t\t\t\t\t\t<a href=\"http:\/\/www.topfiredoll.com\/wp-content\/uploads\/2025\/06\/04-39.jpg\" data-width=\"1667\" data-height=\"2500\" data-index=\"8\" data-elementor-open-lightbox=\"no\"><br \/>\n\t\t\t\t\t\t<img decoding=\"async\" width=\"1667\" height=\"2500\" data-src=\"http:\/\/www.topfiredoll.com\/wp-content\/uploads\/2025\/06\/04-39.jpg\" alt=\"04\" src=\"data:image\/svg+xml;base64,PHN2ZyB3aWR0aD0iMSIgaGVpZ2h0PSIxIiB4bWxucz0iaHR0cDovL3d3dy53My5vcmcvMjAwMC9zdmciPjwvc3ZnPg==\" class=\"lazyload\" style=\"--smush-placeholder-width: 1667px; --smush-placeholder-aspect-ratio: 1667\/2500;\" \/><br \/>\n\t\t\t\t\t\t\t\t\t\t\t\t\t<\/a><br \/>\n\t\t\t\t\t\t\t\t\t\t\t\t\t<a href=\"http:\/\/www.topfiredoll.com\/wp-content\/uploads\/2025\/06\/05-39.jpg\" data-width=\"1667\" data-height=\"2500\" data-index=\"9\" data-elementor-open-lightbox=\"no\"><br \/>\n\t\t\t\t\t\t<img decoding=\"async\" width=\"1667\" height=\"2500\" data-src=\"http:\/\/www.topfiredoll.com\/wp-content\/uploads\/2025\/06\/05-39.jpg\" alt=\"05\" src=\"data:image\/svg+xml;base64,PHN2ZyB3aWR0aD0iMSIgaGVpZ2h0PSIxIiB4bWxucz0iaHR0cDovL3d3dy53My5vcmcvMjAwMC9zdmciPjwvc3ZnPg==\" class=\"lazyload\" style=\"--smush-placeholder-width: 1667px; --smush-placeholder-aspect-ratio: 1667\/2500;\" \/><br \/>\n\t\t\t\t\t\t\t\t\t\t\t\t\t<\/a><br \/>\n\t\t\t\t\t\t\t\t\t\t\t\t\t<a href=\"http:\/\/www.topfiredoll.com\/wp-content\/uploads\/2025\/06\/08-39.jpg\" data-width=\"1667\" data-height=\"2500\" data-index=\"10\" data-elementor-open-lightbox=\"no\"><br \/>\n\t\t\t\t\t\t<img decoding=\"async\" width=\"1667\" height=\"2500\" data-src=\"http:\/\/www.topfiredoll.com\/wp-content\/uploads\/2025\/06\/08-39.jpg\" alt=\"08\" src=\"data:image\/svg+xml;base64,PHN2ZyB3aWR0aD0iMSIgaGVpZ2h0PSIxIiB4bWxucz0iaHR0cDovL3d3dy53My5vcmcvMjAwMC9zdmciPjwvc3ZnPg==\" class=\"lazyload\" style=\"--smush-placeholder-width: 1667px; --smush-placeholder-aspect-ratio: 1667\/2500;\" \/><br \/>\n\t\t\t\t\t\t\t\t\t\t\t\t\t<\/a><br \/>\n\t\t\t\t\t\t\t\t\t\t\t\t\t<a href=\"http:\/\/www.topfiredoll.com\/wp-content\/uploads\/2025\/06\/06-39.jpg\" data-width=\"1667\" data-height=\"2500\" data-index=\"11\" data-elementor-open-lightbox=\"no\"><br \/>\n\t\t\t\t\t\t<img decoding=\"async\" width=\"1667\" height=\"2500\" data-src=\"http:\/\/www.topfiredoll.com\/wp-content\/uploads\/2025\/06\/06-39.jpg\" alt=\"06\" src=\"data:image\/svg+xml;base64,PHN2ZyB3aWR0aD0iMSIgaGVpZ2h0PSIxIiB4bWxucz0iaHR0cDovL3d3dy53My5vcmcvMjAwMC9zdmciPjwvc3ZnPg==\" class=\"lazyload\" style=\"--smush-placeholder-width: 1667px; --smush-placeholder-aspect-ratio: 1667\/2500;\" \/><br \/>\n\t\t\t\t\t\t\t\t\t\t\t\t\t<\/a><br \/>\n\t\t\t\t\t\t\t\t\t\t\t\t\t<a href=\"http:\/\/www.topfiredoll.com\/wp-content\/uploads\/2025\/06\/23-30.jpg\" data-width=\"2500\" data-height=\"1667\" data-index=\"12\" data-elementor-open-lightbox=\"no\"><br \/>\n\t\t\t\t\t\t<img decoding=\"async\" width=\"2500\" height=\"1667\" data-src=\"http:\/\/www.topfiredoll.com\/wp-content\/uploads\/2025\/06\/23-30.jpg\" alt=\"23\" src=\"data:image\/svg+xml;base64,PHN2ZyB3aWR0aD0iMSIgaGVpZ2h0PSIxIiB4bWxucz0iaHR0cDovL3d3dy53My5vcmcvMjAwMC9zdmciPjwvc3ZnPg==\" class=\"lazyload\" style=\"--smush-placeholder-width: 2500px; --smush-placeholder-aspect-ratio: 2500\/1667;\" \/><br \/>\n\t\t\t\t\t\t\t\t\t\t\t\t\t<\/a><br \/>\n\t\t\t\t\t\t\t\t\t\t\t\t\t<a href=\"http:\/\/www.topfiredoll.com\/wp-content\/uploads\/2025\/06\/22-30.jpg\" data-width=\"2500\" data-height=\"1667\" data-index=\"13\" data-elementor-open-lightbox=\"no\"><br \/>\n\t\t\t\t\t\t<img decoding=\"async\" width=\"2500\" height=\"1667\" data-src=\"http:\/\/www.topfiredoll.com\/wp-content\/uploads\/2025\/06\/22-30.jpg\" alt=\"22\" src=\"data:image\/svg+xml;base64,PHN2ZyB3aWR0aD0iMSIgaGVpZ2h0PSIxIiB4bWxucz0iaHR0cDovL3d3dy53My5vcmcvMjAwMC9zdmciPjwvc3ZnPg==\" class=\"lazyload\" style=\"--smush-placeholder-width: 2500px; --smush-placeholder-aspect-ratio: 2500\/1667;\" \/><br \/>\n\t\t\t\t\t\t\t\t\t\t\t\t\t<\/a><br \/>\n\t\t\t\t\t\t\t\t\t\t\t\t\t<a href=\"http:\/\/www.topfiredoll.com\/wp-content\/uploads\/2025\/06\/09-39.jpg\" data-width=\"1737\" data-height=\"2500\" data-index=\"14\" data-elementor-open-lightbox=\"no\"><br \/>\n\t\t\t\t\t\t<img decoding=\"async\" width=\"1737\" height=\"2500\" data-src=\"http:\/\/www.topfiredoll.com\/wp-content\/uploads\/2025\/06\/09-39.jpg\" alt=\"09\" src=\"data:image\/svg+xml;base64,PHN2ZyB3aWR0aD0iMSIgaGVpZ2h0PSIxIiB4bWxucz0iaHR0cDovL3d3dy53My5vcmcvMjAwMC9zdmciPjwvc3ZnPg==\" class=\"lazyload\" style=\"--smush-placeholder-width: 1737px; --smush-placeholder-aspect-ratio: 1737\/2500;\" \/><br \/>\n\t\t\t\t\t\t\t\t\t\t\t\t\t<\/a><br \/>\n\t\t\t\t\t\t\t\t\t\t\t\t\t<a href=\"http:\/\/www.topfiredoll.com\/wp-content\/uploads\/2025\/06\/12-39.jpg\" data-width=\"1667\" data-height=\"2500\" data-index=\"15\" data-elementor-open-lightbox=\"no\"><br \/>\n\t\t\t\t\t\t<img decoding=\"async\" width=\"1667\" height=\"2500\" data-src=\"http:\/\/www.topfiredoll.com\/wp-content\/uploads\/2025\/06\/12-39.jpg\" alt=\"12\" src=\"data:image\/svg+xml;base64,PHN2ZyB3aWR0aD0iMSIgaGVpZ2h0PSIxIiB4bWxucz0iaHR0cDovL3d3dy53My5vcmcvMjAwMC9zdmciPjwvc3ZnPg==\" class=\"lazyload\" style=\"--smush-placeholder-width: 1667px; --smush-placeholder-aspect-ratio: 1667\/2500;\" \/><br \/>\n\t\t\t\t\t\t\t\t\t\t\t\t\t<\/a><br \/>\n\t\t\t\t\t\t\t\t\t\t\t\t\t<a href=\"http:\/\/www.topfiredoll.com\/wp-content\/uploads\/2025\/06\/11-39.jpg\" data-width=\"1667\" data-height=\"2500\" data-index=\"16\" data-elementor-open-lightbox=\"no\"><br \/>\n\t\t\t\t\t\t<img decoding=\"async\" width=\"1667\" height=\"2500\" data-src=\"http:\/\/www.topfiredoll.com\/wp-content\/uploads\/2025\/06\/11-39.jpg\" alt=\"11\" src=\"data:image\/svg+xml;base64,PHN2ZyB3aWR0aD0iMSIgaGVpZ2h0PSIxIiB4bWxucz0iaHR0cDovL3d3dy53My5vcmcvMjAwMC9zdmciPjwvc3ZnPg==\" class=\"lazyload\" style=\"--smush-placeholder-width: 1667px; --smush-placeholder-aspect-ratio: 1667\/2500;\" \/><br \/>\n\t\t\t\t\t\t\t\t\t\t\t\t\t<\/a><br \/>\n\t\t\t\t\t\t\t\t\t\t\t\t\t<a href=\"http:\/\/www.topfiredoll.com\/wp-content\/uploads\/2025\/06\/13-39.jpg\" data-width=\"1667\" data-height=\"2500\" data-index=\"17\" data-elementor-open-lightbox=\"no\"><br \/>\n\t\t\t\t\t\t<img decoding=\"async\" width=\"1667\" height=\"2500\" data-src=\"http:\/\/www.topfiredoll.com\/wp-content\/uploads\/2025\/06\/13-39.jpg\" alt=\"13\" src=\"data:image\/svg+xml;base64,PHN2ZyB3aWR0aD0iMSIgaGVpZ2h0PSIxIiB4bWxucz0iaHR0cDovL3d3dy53My5vcmcvMjAwMC9zdmciPjwvc3ZnPg==\" class=\"lazyload\" style=\"--smush-placeholder-width: 1667px; --smush-placeholder-aspect-ratio: 1667\/2500;\" \/><br \/>\n\t\t\t\t\t\t\t\t\t\t\t\t\t<\/a><br \/>\n\t\t\t\t\t\t\t\t\t\t\t\t\t<a href=\"http:\/\/www.topfiredoll.com\/wp-content\/uploads\/2025\/06\/14-39.jpg\" data-width=\"1667\" data-height=\"2500\" data-index=\"18\" data-elementor-open-lightbox=\"no\"><br \/>\n\t\t\t\t\t\t<img decoding=\"async\" width=\"1667\" height=\"2500\" data-src=\"http:\/\/www.topfiredoll.com\/wp-content\/uploads\/2025\/06\/14-39.jpg\" alt=\"14\" src=\"data:image\/svg+xml;base64,PHN2ZyB3aWR0aD0iMSIgaGVpZ2h0PSIxIiB4bWxucz0iaHR0cDovL3d3dy53My5vcmcvMjAwMC9zdmciPjwvc3ZnPg==\" class=\"lazyload\" style=\"--smush-placeholder-width: 1667px; --smush-placeholder-aspect-ratio: 1667\/2500;\" \/><br \/>\n\t\t\t\t\t\t\t\t\t\t\t\t\t<\/a><br \/>\n\t\t\t\t\t\t\t\t\t\t\t\t\t<a href=\"http:\/\/www.topfiredoll.com\/wp-content\/uploads\/2025\/06\/15-39.jpg\" data-width=\"1667\" data-height=\"2500\" data-index=\"19\" data-elementor-open-lightbox=\"no\"><br \/>\n\t\t\t\t\t\t<img decoding=\"async\" width=\"1667\" height=\"2500\" data-src=\"http:\/\/www.topfiredoll.com\/wp-content\/uploads\/2025\/06\/15-39.jpg\" alt=\"15\" src=\"data:image\/svg+xml;base64,PHN2ZyB3aWR0aD0iMSIgaGVpZ2h0PSIxIiB4bWxucz0iaHR0cDovL3d3dy53My5vcmcvMjAwMC9zdmciPjwvc3ZnPg==\" class=\"lazyload\" style=\"--smush-placeholder-width: 1667px; --smush-placeholder-aspect-ratio: 1667\/2500;\" \/><br \/>\n\t\t\t\t\t\t\t\t\t\t\t\t\t<\/a><br \/>\n\t\t\t\t\t\t\t\t\t\t\t\t\t<a href=\"http:\/\/www.topfiredoll.com\/wp-content\/uploads\/2025\/06\/24-29.jpg\" data-width=\"2500\" data-height=\"1667\" data-index=\"20\" data-elementor-open-lightbox=\"no\"><br \/>\n\t\t\t\t\t\t<img decoding=\"async\" width=\"2500\" height=\"1667\" data-src=\"http:\/\/www.topfiredoll.com\/wp-content\/uploads\/2025\/06\/24-29.jpg\" alt=\"24\" src=\"data:image\/svg+xml;base64,PHN2ZyB3aWR0aD0iMSIgaGVpZ2h0PSIxIiB4bWxucz0iaHR0cDovL3d3dy53My5vcmcvMjAwMC9zdmciPjwvc3ZnPg==\" class=\"lazyload\" style=\"--smush-placeholder-width: 2500px; --smush-placeholder-aspect-ratio: 2500\/1667;\" \/><br \/>\n\t\t\t\t\t\t\t\t\t\t\t\t\t<\/a><br \/>\n\t\t\t\t\t\t\t\t\t\t\t\t\t<a href=\"http:\/\/www.topfiredoll.com\/wp-content\/uploads\/2025\/06\/25-27.jpg\" data-width=\"2500\" data-height=\"1667\" data-index=\"21\" data-elementor-open-lightbox=\"no\"><br \/>\n\t\t\t\t\t\t<img decoding=\"async\" width=\"2500\" height=\"1667\" data-src=\"http:\/\/www.topfiredoll.com\/wp-content\/uploads\/2025\/06\/25-27.jpg\" alt=\"25\" src=\"data:image\/svg+xml;base64,PHN2ZyB3aWR0aD0iMSIgaGVpZ2h0PSIxIiB4bWxucz0iaHR0cDovL3d3dy53My5vcmcvMjAwMC9zdmciPjwvc3ZnPg==\" class=\"lazyload\" style=\"--smush-placeholder-width: 2500px; --smush-placeholder-aspect-ratio: 2500\/1667;\" \/><br \/>\n\t\t\t\t\t\t\t\t\t\t\t\t\t<\/a><br \/>\n\t\t\t\t\t\t\t\t\t\t\t\t\t<a href=\"http:\/\/www.topfiredoll.com\/wp-content\/uploads\/2025\/06\/17-37.jpg\" data-width=\"1667\" data-height=\"2500\" data-index=\"22\" data-elementor-open-lightbox=\"no\"><br \/>\n\t\t\t\t\t\t<img decoding=\"async\" width=\"1667\" height=\"2500\" data-src=\"http:\/\/www.topfiredoll.com\/wp-content\/uploads\/2025\/06\/17-37.jpg\" alt=\"17\" src=\"data:image\/svg+xml;base64,PHN2ZyB3aWR0aD0iMSIgaGVpZ2h0PSIxIiB4bWxucz0iaHR0cDovL3d3dy53My5vcmcvMjAwMC9zdmciPjwvc3ZnPg==\" class=\"lazyload\" style=\"--smush-placeholder-width: 1667px; --smush-placeholder-aspect-ratio: 1667\/2500;\" \/><br \/>\n\t\t\t\t\t\t\t\t\t\t\t\t\t<\/a><br \/>\n\t\t\t\t\t\t\t\t\t\t\t\t\t<a href=\"http:\/\/www.topfiredoll.com\/wp-content\/uploads\/2025\/06\/18-36.jpg\" data-width=\"1667\" data-height=\"2500\" data-index=\"23\" data-elementor-open-lightbox=\"no\"><br \/>\n\t\t\t\t\t\t<img decoding=\"async\" width=\"1667\" height=\"2500\" data-src=\"http:\/\/www.topfiredoll.com\/wp-content\/uploads\/2025\/06\/18-36.jpg\" alt=\"18\" src=\"data:image\/svg+xml;base64,PHN2ZyB3aWR0aD0iMSIgaGVpZ2h0PSIxIiB4bWxucz0iaHR0cDovL3d3dy53My5vcmcvMjAwMC9zdmciPjwvc3ZnPg==\" class=\"lazyload\" style=\"--smush-placeholder-width: 1667px; --smush-placeholder-aspect-ratio: 1667\/2500;\" \/><br \/>\n\t\t\t\t\t\t\t\t\t\t\t\t\t<\/a><br \/>\n\t\t\t\t\t\t\t\t\t\t\t\t\t<a href=\"http:\/\/www.topfiredoll.com\/wp-content\/uploads\/2025\/06\/10-40.jpg\" data-width=\"1667\" data-height=\"2500\" data-index=\"24\" data-elementor-open-lightbox=\"no\"><br \/>\n\t\t\t\t\t\t<img decoding=\"async\" width=\"1667\" height=\"2500\" data-src=\"http:\/\/www.topfiredoll.com\/wp-content\/uploads\/2025\/06\/10-40.jpg\" alt=\"10\" src=\"data:image\/svg+xml;base64,PHN2ZyB3aWR0aD0iMSIgaGVpZ2h0PSIxIiB4bWxucz0iaHR0cDovL3d3dy53My5vcmcvMjAwMC9zdmciPjwvc3ZnPg==\" class=\"lazyload\" style=\"--smush-placeholder-width: 1667px; --smush-placeholder-aspect-ratio: 1667\/2500;\" \/><br \/>\n\t\t\t\t\t\t\t\t\t\t\t\t\t<\/a><br \/>\n\t\t\t\t\t\t\t\t\t\t\t\t\t<a href=\"http:\/\/www.topfiredoll.com\/wp-content\/uploads\/2025\/06\/170-2-2.jpg\" data-width=\"1666\" data-height=\"2500\" data-index=\"25\" data-elementor-open-lightbox=\"no\"><br \/>\n\t\t\t\t\t\t<img decoding=\"async\" width=\"1666\" height=\"2500\" data-src=\"http:\/\/www.topfiredoll.com\/wp-content\/uploads\/2025\/06\/170-2-2.jpg\" alt=\"170-2\" src=\"data:image\/svg+xml;base64,PHN2ZyB3aWR0aD0iMSIgaGVpZ2h0PSIxIiB4bWxucz0iaHR0cDovL3d3dy53My5vcmcvMjAwMC9zdmciPjwvc3ZnPg==\" class=\"lazyload\" style=\"--smush-placeholder-width: 1666px; --smush-placeholder-aspect-ratio: 1666\/2500;\" \/><br \/>\n\t\t\t\t\t\t\t\t\t\t\t\t\t<\/a><\/p>\n<h2>Vid\u00e9o sur les poup\u00e9es<\/h2>\n<p>\t\t\t\t\t\t\t<video src=\"https:\/\/www.topfiredoll.com\/wp-content\/uploads\/2025\/06\/1-35.mp4\" playsinline controls preload=\"metadata\"><\/video><\/p>","protected":false},"excerpt":{"rendered":"<p>Doll Measurements Height\uff1a170-2cm | 5ft7 Material: Silicone Cup Size\uff1aE cup Skin Color\uff1aDark tan Bust\uff1a87cm | 34.3\u201d Waist\uff1a63cm | 24.8\u2033 Under<\/p>","protected":false},"featured_media":2696,"comment_status":"open","ping_status":"closed","template":"","meta":{"_acf_changed":false},"product_brand":[109],"product_cat":[108],"product_tag":[],"class_list":{"0":"post-2395","1":"product","2":"type-product","3":"status-publish","4":"has-post-thumbnail","6":"product_brand-top-fire-doll","7":"product_cat-material","9":"first","10":"instock","11":"sale","12":"shipping-taxable","13":"purchasable","14":"product-type-simple"},"acf":[],"_links":{"self":[{"href":"https:\/\/dollexa.com\/fr\/wp-json\/wp\/v2\/product\/2395","targetHints":{"allow":["GET"]}}],"collection":[{"href":"https:\/\/dollexa.com\/fr\/wp-json\/wp\/v2\/product"}],"about":[{"href":"https:\/\/dollexa.com\/fr\/wp-json\/wp\/v2\/types\/product"}],"replies":[{"embeddable":true,"href":"https:\/\/dollexa.com\/fr\/wp-json\/wp\/v2\/comments?post=2395"}],"version-history":[{"count":1,"href":"https:\/\/dollexa.com\/fr\/wp-json\/wp\/v2\/product\/2395\/revisions"}],"predecessor-version":[{"id":2697,"href":"https:\/\/dollexa.com\/fr\/wp-json\/wp\/v2\/product\/2395\/revisions\/2697"}],"wp:featuredmedia":[{"embeddable":true,"href":"https:\/\/dollexa.com\/fr\/wp-json\/wp\/v2\/media\/2696"}],"wp:attachment":[{"href":"https:\/\/dollexa.com\/fr\/wp-json\/wp\/v2\/media?parent=2395"}],"wp:term":[{"taxonomy":"product_brand","embeddable":true,"href":"https:\/\/dollexa.com\/fr\/wp-json\/wp\/v2\/product_brand?post=2395"},{"taxonomy":"product_cat","embeddable":true,"href":"https:\/\/dollexa.com\/fr\/wp-json\/wp\/v2\/product_cat?post=2395"},{"taxonomy":"product_tag","embeddable":true,"href":"https:\/\/dollexa.com\/fr\/wp-json\/wp\/v2\/product_tag?post=2395"}],"curies":[{"name":"wp","href":"https:\/\/api.w.org\/{rel}","templated":true}]}}