{"id":3679,"date":"2025-10-05T05:54:37","date_gmt":"2025-10-05T05:54:37","guid":{"rendered":"https:\/\/dollexa.com\/product\/petra-female-sex-doll-usa-stock\/"},"modified":"2025-10-05T05:54:48","modified_gmt":"2025-10-05T05:54:48","slug":"petra-female-sex-doll-usa-stock","status":"publish","type":"product","link":"https:\/\/dollexa.com\/de\/produkt\/petra-female-sex-doll-usa-stock\/","title":{"rendered":"Petra Weibliche Sexpuppe [USA STOCK]"},"content":{"rendered":"<div>\n<p>Petra gleitet in Ihre Fantasie wie warme Seide, eine sonnengek\u00fcsste Silhouette mit 172 cm berauschender Pr\u00e4senz, gebr\u00e4unter Haut, die unter sanftem Licht leuchtet, langem braunem Haar, das \u00fcber die wohlgeformten Schultern f\u00e4llt, und hypnotischen gr\u00fcnen Augen, die Sie n\u00e4her heranlocken, w\u00e4hrend ihre gro\u00dfz\u00fcgigen D-Cup-Kurven und ihr WM Doll\u00ae #159-Kopf eine Ber\u00fchrung versprechen, die sich unm\u00f6glich real anf\u00fchlt.<\/p>\n<p>Sie wurde in einem Studio geboren, in dem Kunstfertigkeit auf Verlangen trifft, ein fitnessorientierter klassischer K\u00f6rper, der geformt ist, um zu verf\u00fchren und zu halten, und Petra tr\u00e4gt sich selbst wie ein Geheimnis, das darauf wartet, entdeckt zu werden. Ruhig zuversichtlich und verrucht spielerisch, sie bevorzugt Mondschein Fluchten und langsame, aufmerksame H\u00e4nde erkunden jede Kontur ihrer realistischen TPE Haut. USA Lager Puppen Versand in ein paar Tagen und kommen, wie sie aussehen, bereit f\u00fcr die Phantasien, die Sie zusammen entwerfen.<\/p>\n<ul>\n<li>\n<b>Perfekt realistische H\u00f6he<\/b> - Mit 172 cm bietet sie eine nat\u00fcrliche, lebensgro\u00dfe Umarmung, die Ihre Arme und Ihre Fantasien mit befriedigendem Realismus ausf\u00fcllt.<\/li>\n<li>\n<b>\u00dcppige D-K\u00f6rbchen-Kurven<\/b> - Diese vollen, mit Gel verst\u00e4rkten Br\u00fcste sehen nicht nur dekadent aus, sondern f\u00fchlen sich auch so an. Sie sind eine visuelle Verlockung und bieten ein befriedigendes Gewicht w\u00e4hrend intimer Momente.<\/li>\n<li>\n<b>Hellbraunes, griffiges TPE<\/b> - Hochwertige TPE-Haut mit realistischer K\u00f6rperbemalung und subtilen Adern l\u00e4dt Ihre Finger zum Herumstreichen ein und bietet W\u00e4rme und Authentizit\u00e4t, die Sie sp\u00fcren k\u00f6nnen.<\/li>\n<li>\n<b>Lebensechtes, bewegliches Skelett<\/b> - Dank des verbesserten WM Doll\u00ae-Skeletts und der beweglichen H\u00e4nde k\u00f6nnen Sie sie f\u00fcr jedes Szenario in Pose setzen, von sanften Liebkosungen bis hin zu gewagten Positionen mit m\u00fchelosem Realismus.<\/li>\n<li>\n<b>Schneller Versand in die USA<\/b> - Vorr\u00e4tig und vorgebaut f\u00fcr eine schnelle Lieferung, wird sie in 3-7 Tagen aus den Vereinigten Staaten versandt, so dass Sie ohne Wartezeit mit intimen Abenteuern beginnen k\u00f6nnen.<\/li>\n<\/ul>\n<p>Schauen Sie in ihre gr\u00fcnen Augen und stellen Sie sich die privaten Szenen vor, die Sie gemeinsam kreieren werden. Petra ist mehr als eine Puppe, sie ist eine Einladung, Ihre dekadentesten Fantasien zu erkunden. Als sie mit einem schw\u00fclen Fl\u00fcstern neckt: \"Komm n\u00e4her, ich will jeden Zentimeter von dir kennenlernen\", kannst du fast ihren Atem auf deiner Haut sp\u00fcren.<\/p>\n<p>Entdecken Sie unsere Auswahl an <a href=\"https:\/\/www.joylovedolls.com\/collections\/premium-sex-dolls\">Premium-Sexpuppen<\/a> und machen Sie Petra noch heute zum Star Ihrer privaten Geschichten.<\/p>\n<p><b>Holen Sie sich Petra jetzt und machen Sie sie zu Ihrem Eigentum, bevor sie weg ist.<\/b><\/p>\n<p class=\"p1\"><strong>SPAREN SIE GELD UND BESTELLEN SIE EINE VORGEFERTIGTE PUPPE MIT EINEM -40% RABATT UND SCHNELLEM VERSAND!<\/strong><\/p>\n<p class=\"p1\">Diese Puppe ist Pre-build mit Premium Custom Optionen. Versendet an Sie in 3-7 Tagen aus den Vereinigten Staaten Lager:<\/p>\n<ul>\n<li>\n<meta charset=\"utf-8\"> <b data-mce-fragment=\"1\">WM Dolls\u2122 172cm D-Cup Classic Body + #159 Kopf<\/b>. <span class=\"s1\"><a href=\"https:\/\/www.joylovedolls.com\/collections\/custom-dolls\">Klicken Sie hier, um Ma\u00dfe und Fotos f\u00fcr alle K\u00f6rpertypen zu sehen.<\/a><\/span>\n<\/li>\n<\/ul>\n<ul>\n<li><span class=\"s1\">EVO SKELETON (<span style=\"color: #ff2a00;\">KOSTENLOS<\/span>)<\/span><\/li>\n<\/ul>\n<ul>\n<li><span class=\"s1\">STEHENDE F\u00dcSSE (<span style=\"color: #ff2a00;\">KOSTENLOS<\/span>)<\/span><\/li>\n<\/ul>\n<ul>\n<li><span class=\"s1\">NAT\u00dcRLICHE WEICHE BRUST (<meta charset=\"utf-8\"> <span style=\"color: #ff2a00;\" data-mce-fragment=\"1\" data-mce-style=\"color: #ff2a00;\">KOSTENLOS<\/span>)<\/span><\/li>\n<\/ul>\n<p class=\"p1\"><span><span class=\"s2\"><b>Bitte w\u00e4hlen Sie die anderen Optionen unten, wenn Sie Ihre Bestellungen individuell gestalten m\u00f6chten<\/b><\/span><\/span><\/p>\n<p class=\"p1\"><span><span class=\"s2\"><b> <\/b><\/span><\/span><\/p>\n<p><\/p>\n<\/p>\n<\/div>","protected":false},"excerpt":{"rendered":"<p>Petra slides into your imagination like warm silk, a sun-kissed silhouette at 172 cm of intoxicating presence, tan skin that<\/p>","protected":false},"featured_media":3678,"comment_status":"open","ping_status":"closed","template":"","meta":{"_acf_changed":false},"product_brand":[],"product_cat":[117],"product_tag":[],"class_list":{"0":"post-3679","1":"product","2":"type-product","3":"status-publish","4":"has-post-thumbnail","6":"product_cat-wm-dolls","8":"first","9":"instock","10":"shipping-taxable","11":"purchasable","12":"product-type-simple"},"acf":[],"_links":{"self":[{"href":"https:\/\/dollexa.com\/de\/wp-json\/wp\/v2\/product\/3679","targetHints":{"allow":["GET"]}}],"collection":[{"href":"https:\/\/dollexa.com\/de\/wp-json\/wp\/v2\/product"}],"about":[{"href":"https:\/\/dollexa.com\/de\/wp-json\/wp\/v2\/types\/product"}],"replies":[{"embeddable":true,"href":"https:\/\/dollexa.com\/de\/wp-json\/wp\/v2\/comments?post=3679"}],"version-history":[{"count":0,"href":"https:\/\/dollexa.com\/de\/wp-json\/wp\/v2\/product\/3679\/revisions"}],"wp:featuredmedia":[{"embeddable":true,"href":"https:\/\/dollexa.com\/de\/wp-json\/wp\/v2\/media\/3678"}],"wp:attachment":[{"href":"https:\/\/dollexa.com\/de\/wp-json\/wp\/v2\/media?parent=3679"}],"wp:term":[{"taxonomy":"product_brand","embeddable":true,"href":"https:\/\/dollexa.com\/de\/wp-json\/wp\/v2\/product_brand?post=3679"},{"taxonomy":"product_cat","embeddable":true,"href":"https:\/\/dollexa.com\/de\/wp-json\/wp\/v2\/product_cat?post=3679"},{"taxonomy":"product_tag","embeddable":true,"href":"https:\/\/dollexa.com\/de\/wp-json\/wp\/v2\/product_tag?post=3679"}],"curies":[{"name":"wp","href":"https:\/\/api.w.org\/{rel}","templated":true}]}}