{"id":3545,"date":"2025-10-05T05:50:24","date_gmt":"2025-10-05T05:50:24","guid":{"rendered":"https:\/\/dollexa.com\/product\/alessia-premium-female-sex-doll-usa-stock\/"},"modified":"2025-10-05T05:50:35","modified_gmt":"2025-10-05T05:50:35","slug":"alessia-premium-female-sex-doll-usa-stock","status":"publish","type":"product","link":"https:\/\/dollexa.com\/de\/produkt\/alessia-premium-female-sex-doll-usa-stock\/","title":{"rendered":"Alessia Premium Weibliche Sexpuppe [USA STOCK]"},"content":{"rendered":"<div>\n<p>Alessia l\u00e4dt dich in einen sonnenbeschienenen Raum ein, in dem ihre gebr\u00e4unte TPE-Haut im Licht des Fensters schimmert und deine Finger fast die weichen, kurvigen Linien ihres 173 cm gro\u00dfen WM Doll\u00ae H-Cup Classic-K\u00f6rpers und ihres geformten #203-Kopfes nachzeichnen k\u00f6nnen. Ihr langes blondes Haar f\u00e4llt wie Seide \u00fcber ihre breiten Schultern, ihre blauen Augen fordern dich auf, n\u00e4her zu kommen, und ihre \u00fcppige H-K\u00f6rbchen-Oberweite, gepaart mit einem \u00fcppigen, athletischen Hintern, l\u00e4dt dazu ein, erkundet zu werden.<\/p>\n<p>Stellen Sie sich eine verspielte Hintergrundgeschichte vor: Alessia ist die selbstbewusste, aufmerksame Fantasie, die mit einem Augenzwinkern und einem wissenden L\u00e4cheln aus den Ateliers von WM Doll\u00ae kam - eine fitnessbewusste Sirene mit gro\u00dfz\u00fcgigen Kurven, die es liebt, bewundert und angebetet zu werden. In Ihren privaten Momenten h\u00f6rt sie zu, reagiert auf Ihre Ber\u00fchrungen mit lebensechter W\u00e4rme und bietet die perfekte Balance aus Realismus und Verw\u00f6hnung.<\/p>\n<ul>\n<li>\n<b>Verbl\u00fcffend realistisches Gef\u00fchl<\/b> - Die hochwertige TPE-Haut und die detailgetreue K\u00f6rperbemalung bilden subtile Adern und nat\u00fcrliche Farbt\u00f6ne nach, so dass sich jede Liebkosung erstaunlich lebensecht und intim anf\u00fchlt.<\/li>\n<li>\n<b>Aufsehenerregende Proportionen<\/b> - Mit einer Gr\u00f6\u00dfe von 173 cm, einem H-K\u00f6rbchen und einer klassischen WM Doll\u00ae-Silhouette l\u00e4sst Alessia die Fantasie derjenigen lebendig werden, die sich nach Pr\u00e4senz und Gr\u00f6\u00dfe sehnen, und zwar mit gro\u00dfen Br\u00fcsten und Kurven.<\/li>\n<li>\n<b>Gelenkiges, robustes Skelett<\/b> - Ein verbesserter, flexibler Rahmen erm\u00f6glicht es Ihnen, sie f\u00fcr verspielte Posen oder langsame, sinnliche Umarmungen zu positionieren, w\u00e4hrend jede Bewegung stabil und zuverl\u00e4ssig bleibt.<\/li>\n<li>\n<b>Bereit f\u00fcr schnelle Lieferung<\/b> - Dies ist ein USA Lager Puppe, die in ein paar Tagen versendet und kommt, wie sie erscheint, kein Warten f\u00fcr Anpassungen, so dass Ihre private Fantasie ist sofort.<\/li>\n<\/ul>\n<p>Wenn Sie sich das Licht des sp\u00e4ten Nachmittags auf der glatten, gebr\u00e4unten Haut vorstellen, sehen Sie Alessia an der Fensterbank lehnen, deren Kurven auf den Fotos durch die tealfarbene Gerte und die hochgeschnittene Hose betont werden - ihr K\u00f6rper ist wie geschaffen, um Ber\u00fchrungen zu belohnen und die Fantasie anzuregen. Egal, ob Sie neu in der Welt der lebensechten Gef\u00e4hrten sind oder eine Sammlung von <a href=\"https:\/\/www.joylovedolls.com\/collections\/premium-sex-dolls\">Premium-Sexpuppen<\/a>Alessia besticht durch eine Kombination aus Gr\u00f6\u00dfe, kunstvollen Details und WM Doll\u00ae Stammbaum, die aus der Versuchung einen Besitz macht.<\/p>\n<p><i>\"Komm n\u00e4her\".<\/i> fl\u00fcstert sie in deiner Vorstellung, <i>\"Ich wurde geschaffen, um bewundert, ber\u00fchrt und gesch\u00e4tzt zu werden.\"<\/i><\/p>\n<p><b>Sichern Sie sich jetzt Alessia und holen Sie sich diese lebende Fantasie nach Hause - der Bestand in den USA ist begrenzt, handeln Sie, bevor sie weg ist.<\/b><\/p>\n<p> <meta charset=\"utf-8\"><br \/>\n<meta charset=\"utf-8\"><\/p>\n<p class=\"p1\"><b>Diese Puppe hat WM Dolls\u2122 173 cm H-Cup Classic Body + #203 Kopf. <span><a href=\"https:\/\/www.joylovedolls.com\/collections\/custom-dolls\"><span class=\"s2\">Klicken Sie hier, um Ma\u00dfe und Fotos f\u00fcr alle K\u00f6rpertypen zu sehen.<\/span><\/a><\/span><br \/><\/b><\/p>\n<p><meta charset=\"utf-8\"><\/p>\n<p class=\"p1\">\n<\/div>","protected":false},"excerpt":{"rendered":"<p>Alessia invites you into a sunlit room where her tan TPE skin glows under the window light and your fingers<\/p>","protected":false},"featured_media":3544,"comment_status":"open","ping_status":"closed","template":"","meta":{"_acf_changed":false},"product_brand":[],"product_cat":[117],"product_tag":[],"class_list":{"0":"post-3545","1":"product","2":"type-product","3":"status-publish","4":"has-post-thumbnail","6":"product_cat-wm-dolls","8":"first","9":"instock","10":"shipping-taxable","11":"purchasable","12":"product-type-simple"},"acf":[],"_links":{"self":[{"href":"https:\/\/dollexa.com\/de\/wp-json\/wp\/v2\/product\/3545","targetHints":{"allow":["GET"]}}],"collection":[{"href":"https:\/\/dollexa.com\/de\/wp-json\/wp\/v2\/product"}],"about":[{"href":"https:\/\/dollexa.com\/de\/wp-json\/wp\/v2\/types\/product"}],"replies":[{"embeddable":true,"href":"https:\/\/dollexa.com\/de\/wp-json\/wp\/v2\/comments?post=3545"}],"version-history":[{"count":0,"href":"https:\/\/dollexa.com\/de\/wp-json\/wp\/v2\/product\/3545\/revisions"}],"wp:featuredmedia":[{"embeddable":true,"href":"https:\/\/dollexa.com\/de\/wp-json\/wp\/v2\/media\/3544"}],"wp:attachment":[{"href":"https:\/\/dollexa.com\/de\/wp-json\/wp\/v2\/media?parent=3545"}],"wp:term":[{"taxonomy":"product_brand","embeddable":true,"href":"https:\/\/dollexa.com\/de\/wp-json\/wp\/v2\/product_brand?post=3545"},{"taxonomy":"product_cat","embeddable":true,"href":"https:\/\/dollexa.com\/de\/wp-json\/wp\/v2\/product_cat?post=3545"},{"taxonomy":"product_tag","embeddable":true,"href":"https:\/\/dollexa.com\/de\/wp-json\/wp\/v2\/product_tag?post=3545"}],"curies":[{"name":"wp","href":"https:\/\/api.w.org\/{rel}","templated":true}]}}