{"id":3237,"date":"2025-10-05T05:14:34","date_gmt":"2025-10-05T05:14:34","guid":{"rendered":"https:\/\/dollexa.com\/product\/powerful-blasting\/"},"modified":"2025-10-05T05:14:39","modified_gmt":"2025-10-05T05:14:39","slug":"powerful-blasting","status":"publish","type":"product","link":"https:\/\/dollexa.com\/de\/produkt\/powerful-blasting\/","title":{"rendered":"Leistungsstarkes Sprengen"},"content":{"rendered":"<div style=\"text-align: left;\">\n<p><strong>HIGHLIGHTS:<\/strong><\/p>\n<div data-page-id=\"Bph6dF0fSouDdxxuJOucYFdBnab\" data-docx-has-block-data=\"false\">\n<div class=\"ace-line ace-line old-record-id-RawUdhbDPoR7WUxTMTycjJCZnSc\">\n<div data-page-id=\"Bph6dF0fSouDdxxuJOucYFdBnab\" data-docx-has-block-data=\"false\">\n<ul>\n<li class=\"ace-line ace-line old-record-id-QGSEdt2ZuoBAulxntLGcrAQZnIb\">Super Vibrating Male Masturbator bringt Ihr Vergn\u00fcgen auf ein noch nie dagewesenes Niveau<\/li>\n<li class=\"ace-line ace-line old-record-id-UatJdjf7Ko8mZPxtGLUc9b5vnLd\">Die Interaktion mit der mobilen APP erm\u00f6glicht es Ihnen, Ihr Erlebnis aus der Ferne zu steuern und anzupassen.<\/li>\n<li class=\"ace-line ace-line old-record-id-JRg8dTiDWoxv26x1mRFcAfnqnbf\">10 starke Vibrationen sorgen f\u00fcr ein kraftvolles und vielseitiges Erlebnis, das mit anpassbaren Einstellungen alle Ihre W\u00fcnsche erf\u00fcllt.<\/li>\n<li class=\"ace-line ace-line old-record-id-RMwgdgGMXoz8I3xFSdWctZEHnhh\">Die 3D-texturierte H\u00fclle unterstreicht jede Bewegung mit lebensechten Texturen und sorgt f\u00fcr maximalen Genuss und Authentizit\u00e4t.<\/li>\n<li class=\"ace-line ace-line old-record-id-ZIZ5dvx1fofzDHxf0pjcutNYn0b\">Einfach zu reinigen und zu benutzen, f\u00fcr Komfort und Hygiene entwickelt, macht jede Sitzung nahtlos und angenehm.<\/li>\n<\/ul>\n<\/div>\n<\/div>\n<\/div>\n<p><img fetchpriority=\"high\" decoding=\"async\" src=\"https:\/\/img-va.myshopline.com\/image\/store\/1717042581847\/Leten-Powerful-Blasting-(5)-1.png?w=790&amp;h=500\" alt=\"\" width=\"790\" height=\"500\" \/><\/div>\n<div style=\"text-align: left;\"><img decoding=\"async\" src=\"https:\/\/img-va.myshopline.com\/image\/store\/1717042581847\/Leten-Powerful-Blasting-(4)-1.png?w=790&amp;h=500\" alt=\"\" width=\"790\" height=\"500\" \/><\/div>\n<div style=\"text-align: left;\"><img decoding=\"async\" src=\"https:\/\/img-va.myshopline.com\/image\/store\/1717042581847\/Leten-Powerful-Blasting-(3)-1.png?w=790&amp;h=500\" alt=\"\" width=\"790\" height=\"500\" \/><\/div>\n<div style=\"text-align: left;\"><img loading=\"lazy\" decoding=\"async\" src=\"https:\/\/img-va.myshopline.com\/image\/store\/1717042581847\/Leten-Powerful-Blasting-(2)-1.png?w=790&amp;h=314\" alt=\"\" width=\"790\" height=\"314\" \/><\/div>\n<div style=\"text-align: left;\"><img loading=\"lazy\" decoding=\"async\" src=\"https:\/\/img-va.myshopline.com\/image\/store\/1717042581847\/Leten-Powerful-Blasting-(1)-1.png?w=790&amp;h=373\" alt=\"\" width=\"790\" height=\"373\" \/><\/div>\n<div style=\"text-align: left;\">&nbsp;<\/div>\n<div style=\"text-align: left;\">\n<h4 class=\"gh2 gh_arr\">Spezifikationen<\/h4>\n<\/div>\n<div style=\"text-align: left;\">\n<table style=\"border-collapse: collapse; width: 790px; height: 176px; border-width: 1px; border-color: #000000;\" border=\"1\">\n<tbody>\n<tr style=\"height: 22px;\">\n<td style=\"width: 11.7466%; height: 22px; border-width: 1px; border-color: #000000;\"><em class=\"atr_aa\">Merkmale:<\/em><\/td>\n<td style=\"width: 33.9629%; height: 22px; border-width: 1px; border-color: #000000;\">10 Vibrationen, Fleshlight &amp; Pussy Pocket, APP-Steuerung, Sprachsteuerung<\/td>\n<td style=\"width: 11.6566%; height: 22px; border-width: 1px; border-color: #000000;\"><em class=\"atr_aa\">Marke:<\/em><\/td>\n<td style=\"width: 36.5796%; height: 22px; border-width: 1px; border-color: #000000;\"><em>Leten<\/em><\/td>\n<\/tr>\n<tr style=\"height: 22px;\">\n<td style=\"width: 11.7466%; height: 22px; border-width: 1px; border-color: #000000;\"><em class=\"atr_aa\">H\u00e4ufigkeit:<\/em><\/td>\n<td style=\"width: 33.9629%; height: 22px; border-width: 1px; border-color: #000000;\">10 Frequenzen<\/td>\n<td style=\"width: 11.6566%; height: 22px; border-width: 1px; border-color: #000000;\"><em class=\"atr_aa\">Funktion:<\/em><\/td>\n<td style=\"width: 36.5796%; height: 22px; border-width: 1px; border-color: #000000;\">10 Vibration, APP-Steuerung, Sprachmodus<\/td>\n<\/tr>\n<tr style=\"height: 22px;\">\n<td style=\"width: 11.7466%; height: 22px; border-width: 1px; border-color: #000000;\"><em class=\"atr_aa\">Material:<\/em><\/td>\n<td style=\"width: 33.9629%; height: 22px; border-width: 1px; border-color: #000000;\">TPE, ABS<\/td>\n<td style=\"width: 11.6566%; height: 22px; border-width: 1px; border-color: #000000;\"><em class=\"atr_aa\">Farbe:<\/em><\/td>\n<td style=\"width: 36.5796%; height: 22px; border-width: 1px; border-color: #000000;\">Schwarz<\/td>\n<\/tr>\n<tr style=\"height: 22px;\">\n<td style=\"width: 11.7466%; height: 22px; border-width: 1px; border-color: #000000;\"><em class=\"atr_aa\">Stummschalten:<\/em><\/td>\n<td style=\"width: 33.9629%; height: 22px; border-width: 1px; border-color: #000000;\">&lt;55 dB<\/td>\n<td style=\"width: 11.6566%; height: 22px; border-width: 1px; border-color: #000000;\"><em class=\"atr_aa\">Wasserdicht:<\/em><\/td>\n<td style=\"width: 36.5796%; height: 22px; border-width: 1px; border-color: #000000;\">IPX6<\/td>\n<\/tr>\n<tr style=\"height: 22px;\">\n<td style=\"width: 11.7466%; height: 22px; border-width: 1px; border-color: #000000;\"><em class=\"atr_aa\">Aufladezeit:<\/em><\/td>\n<td style=\"width: 33.9629%; height: 22px; border-width: 1px; border-color: #000000;\">60 Min.<\/td>\n<td style=\"width: 11.6566%; height: 22px; border-width: 1px; border-color: #000000;\"><em class=\"atr_aa\">Leistungstyp:<\/em><\/td>\n<td style=\"width: 36.5796%; height: 22px; border-width: 1px; border-color: #000000;\">&nbsp;<\/p>\n<p class=\"atr_bb\">USB-Ladung<\/p>\n<\/td>\n<\/tr>\n<tr style=\"height: 22px;\">\n<td style=\"width: 11.7466%; height: 22px; border-width: 1px; border-color: #000000;\"><em class=\"atr_aa\">Inklusive Paket:<\/em><\/td>\n<td style=\"width: 33.9629%; height: 22px; border-width: 1px; border-color: #000000;\">Produkt x1, Ladekabel x1, Handbuch x1<\/td>\n<td style=\"width: 11.6566%; height: 22px; border-width: 1px; border-color: #000000;\"><em class=\"atr_aa\">Laufzeit:<\/em><\/td>\n<td style=\"width: 36.5796%; height: 22px; border-width: 1px; border-color: #000000;\">45 Minuten<\/td>\n<\/tr>\n<tr style=\"height: 22px;\">\n<td style=\"width: 11.7466%; height: 22px; border-width: 1px; border-color: #000000;\"><em class=\"atr_aa\">Gr\u00f6\u00dfe:<\/em><\/td>\n<td style=\"width: 33.9629%; height: 22px; border-width: 1px; border-color: #000000;\">7,44*2,87 Zoll<\/td>\n<td style=\"width: 11.6566%; height: 22px; border-width: 1px; border-color: #000000;\"><em class=\"atr_aa\">Hinweis:<\/em><\/td>\n<td style=\"width: 36.5796%; height: 22px; border-width: 1px; border-color: #000000;\">&nbsp;<\/td>\n<\/tr>\n<tr style=\"height: 22px;\">\n<td style=\"width: 11.7466%; height: 22px; border-width: 1px; border-color: #000000;\"><em class=\"atr_aa\">Einf\u00fchrbare L\u00e4nge:<\/em><\/td>\n<td style=\"width: 33.9629%; height: 22px; border-width: 1px; border-color: #000000;\">5,12 Zoll<\/td>\n<td style=\"width: 11.6566%; height: 22px; border-width: 1px; border-color: #000000;\">\n<p><em class=\"atr_aa\">Gewicht:<\/em><\/p>\n<\/td>\n<td style=\"width: 36.5796%; height: 22px; border-width: 1px; border-color: #000000;\">0,97 Pfund<\/td>\n<\/tr>\n<\/tbody>\n<\/table>\n<\/div>\n<div style=\"text-align: left;\">&nbsp;<\/div>","protected":false},"excerpt":{"rendered":"<p>HIGHLIGHTS: Super Vibrating Male Masturbator takes your pleasure to unprecedented levels Mobile APP interaction allows you to control and customize<\/p>","protected":false},"featured_media":3236,"comment_status":"open","ping_status":"closed","template":"","meta":{"_acf_changed":false},"product_brand":[],"product_cat":[112],"product_tag":[],"class_list":{"0":"post-3237","1":"product","2":"type-product","3":"status-publish","4":"has-post-thumbnail","6":"product_cat-accessories","8":"first","9":"instock","10":"sale","11":"shipping-taxable","12":"purchasable","13":"product-type-simple"},"acf":[],"_links":{"self":[{"href":"https:\/\/dollexa.com\/de\/wp-json\/wp\/v2\/product\/3237","targetHints":{"allow":["GET"]}}],"collection":[{"href":"https:\/\/dollexa.com\/de\/wp-json\/wp\/v2\/product"}],"about":[{"href":"https:\/\/dollexa.com\/de\/wp-json\/wp\/v2\/types\/product"}],"replies":[{"embeddable":true,"href":"https:\/\/dollexa.com\/de\/wp-json\/wp\/v2\/comments?post=3237"}],"version-history":[{"count":0,"href":"https:\/\/dollexa.com\/de\/wp-json\/wp\/v2\/product\/3237\/revisions"}],"wp:featuredmedia":[{"embeddable":true,"href":"https:\/\/dollexa.com\/de\/wp-json\/wp\/v2\/media\/3236"}],"wp:attachment":[{"href":"https:\/\/dollexa.com\/de\/wp-json\/wp\/v2\/media?parent=3237"}],"wp:term":[{"taxonomy":"product_brand","embeddable":true,"href":"https:\/\/dollexa.com\/de\/wp-json\/wp\/v2\/product_brand?post=3237"},{"taxonomy":"product_cat","embeddable":true,"href":"https:\/\/dollexa.com\/de\/wp-json\/wp\/v2\/product_cat?post=3237"},{"taxonomy":"product_tag","embeddable":true,"href":"https:\/\/dollexa.com\/de\/wp-json\/wp\/v2\/product_tag?post=3237"}],"curies":[{"name":"wp","href":"https:\/\/api.w.org\/{rel}","templated":true}]}}